{"id":1519,"date":"2022-10-28T12:31:22","date_gmt":"2022-10-28T12:31:22","guid":{"rendered":"https:\/\/nueva.versatilestates.com\/?page_id=1519"},"modified":"2023-08-29T09:54:22","modified_gmt":"2023-08-29T09:54:22","slug":"privacy-policy","status":"publish","type":"page","link":"https:\/\/versatilestates.com\/en\/privacy-policy\/","title":{"rendered":"Privacy policy"},"content":{"rendered":"\t\t<div data-elementor-type=\"wp-page\" data-elementor-id=\"1519\" class=\"elementor elementor-1519\" data-elementor-post-type=\"page\">\n\t\t\t\t\t\t\t\t\t<section class=\"elementor-section elementor-top-section elementor-element elementor-element-7a6ee97 elementor-section-boxed elementor-section-height-default elementor-section-height-default\" data-id=\"7a6ee97\" data-element_type=\"section\">\n\t\t\t\t\t\t<div class=\"elementor-container elementor-column-gap-default\">\n\t\t\t\t\t<div class=\"elementor-column elementor-col-100 elementor-top-column elementor-element elementor-element-e4321f5\" data-id=\"e4321f5\" data-element_type=\"column\">\n\t\t\t<div class=\"elementor-widget-wrap elementor-element-populated\">\n\t\t\t\t\t\t\t\t<div class=\"elementor-element elementor-element-f510409 elementor-widget elementor-widget-heading\" data-id=\"f510409\" data-element_type=\"widget\" data-widget_type=\"heading.default\">\n\t\t\t\t<div class=\"elementor-widget-container\">\n\t\t\t<style>\/*! elementor - v3.14.0 - 26-06-2023 *\/\n.elementor-heading-title{padding:0;margin:0;line-height:1}.elementor-widget-heading .elementor-heading-title[class*=elementor-size-]>a{color:inherit;font-size:inherit;line-height:inherit}.elementor-widget-heading .elementor-heading-title.elementor-size-small{font-size:15px}.elementor-widget-heading .elementor-heading-title.elementor-size-medium{font-size:19px}.elementor-widget-heading .elementor-heading-title.elementor-size-large{font-size:29px}.elementor-widget-heading .elementor-heading-title.elementor-size-xl{font-size:39px}.elementor-widget-heading .elementor-heading-title.elementor-size-xxl{font-size:59px}<\/style><h1 class=\"elementor-heading-title elementor-size-default\">Privacy policy<\/h1>\t\t<\/div>\n\t\t\t\t<\/div>\n\t\t\t\t<div class=\"elementor-element elementor-element-9704bcc elementor-widget elementor-widget-text-editor\" data-id=\"9704bcc\" data-element_type=\"widget\" data-widget_type=\"text-editor.default\">\n\t\t\t\t<div class=\"elementor-widget-container\">\n\t\t\t<style>\/*! elementor - v3.14.0 - 26-06-2023 *\/\n.elementor-widget-text-editor.elementor-drop-cap-view-stacked .elementor-drop-cap{background-color:#69727d;color:#fff}.elementor-widget-text-editor.elementor-drop-cap-view-framed .elementor-drop-cap{color:#69727d;border:3px solid;background-color:transparent}.elementor-widget-text-editor:not(.elementor-drop-cap-view-default) .elementor-drop-cap{margin-top:8px}.elementor-widget-text-editor:not(.elementor-drop-cap-view-default) .elementor-drop-cap-letter{width:1em;height:1em}.elementor-widget-text-editor .elementor-drop-cap{float:left;text-align:center;line-height:1;font-size:50px}.elementor-widget-text-editor .elementor-drop-cap-letter{display:inline-block}<\/style>\t\t\t\t<p>This page is only available in Spanish, sorry for the inconvenience.<\/p>\t\t\t\t\t\t<\/div>\n\t\t\t\t<\/div>\n\t\t\t\t<div class=\"elementor-element elementor-element-70de141 elementor-widget elementor-widget-text-editor\" data-id=\"70de141\" data-element_type=\"widget\" data-widget_type=\"text-editor.default\">\n\t\t\t\t<div class=\"elementor-widget-container\">\n\t\t\t\t\t\t\t<p>Seg\u00fan lo dispuesto en el art\u00edculo 9 de la Ley 34\/2002 de 11 de Julio de Servicios de la Sociedad de la Informaci\u00f3n y Comercio Electr\u00f3nico, se hace constar que el presente sitio web es propiedad de <strong>Versatile Property Services SL<\/strong>, con CIF B93698751 y direcci\u00f3n Avenida de la Constituci\u00f3n, 13, 8\u00baB, 29670 San Pedro Alc\u00e1ntara, M\u00e1laga.<br \/><br \/><\/p><ol><li>Protecci\u00f3n de datos de car\u00e1cter personal<br \/>En el marco del cumplimiento de la legislaci\u00f3n vigente, los datos ser\u00e1n tratados de conformidad con lo dispuesto en las normativas vigentes en protecci\u00f3n de datos personales, el Reglamento (US) 2016\/679 de 27 de abril de 2016 (GDPR) relativo a la protecci\u00f3n de las personas f\u00edsicas en lo que respecta al tratamiento de datos personales y a la libre circulaci\u00f3n de los datos y en el Art\u00edculo 10 de la Ley 34\/2002, de 11 de julio de Servicios de la Sociedad de la Informaci\u00f3n y del Comercio Electr\u00f3nico. (LSSI-CE), Versatile Property Services SL informa a los usuarios de que los datos introducidos en los formularios de contacto, y otros, se almacenar\u00e1n en ficheros propiedad de Versatile Property Services SL. Asimismo, Versatile Property Services SL muestra su compromiso de no destinar sus contenidos a una finalidad distinta para la cual fueron recogidos, garantizando la m\u00e1xima confidencialidad y a aplicar las medidas t\u00e9cnicas y de seguridad necesarias para evitar el acceso no autorizado al mismo seg\u00fan establece la normativa vigente en materia de protecci\u00f3n de datos.<br \/><br \/><\/li><li>Derecho de acceso, rectificaci\u00f3n y cancelaci\u00f3n<br \/>El titular de los datos tiene el derecho de acceso, rectificaci\u00f3n, cancelaci\u00f3n y oposici\u00f3n de sus datos. Para ejercitar estos derechos, los titulares de los datos pueden dirigir una petici\u00f3n escrita por correo postal a la direcci\u00f3n, al email de contacto hola@versatilestate.com, o bien pueden contactar a trav\u00e9s del tel\u00e9fono 951 275 170.<br \/><br \/><\/li><li>Divulgaci\u00f3n de la informaci\u00f3n a terceras partes<br \/>Versatile Property Services SL se compromete a no vender o transferir la informaci\u00f3n personal recabada en sus sitios web a otras entidades para su utilizaci\u00f3n sin su aprobaci\u00f3n expresa y ofreci\u00e9ndole la oportunidad de ejercer su derecho de cancelaci\u00f3n y oposici\u00f3n comentada anteriormente.<br \/><br \/><\/li><li>Enlaces externos<br \/>Si el usuario opta a abandonar este sitio web a trav\u00e9s de enlaces a p\u00e1ginas web no pertenecientes a nuestra empresa, Versatile Property Services SL no se har\u00e1 responsable de las pol\u00edticas de privacidad de dichos sitios web ni de las cookies que estos puedan almacenar en el ordenador del Usuario.<br \/><br \/><\/li><li>Cuestiones legales<br \/>Este es un sitio web que est\u00e1 sujeto a la Ley espa\u00f1ola. Versatile Property Services SL podr\u00e1 disponer de la informaci\u00f3n personal proporcionada por el usuario sin su consentimiento cuando as\u00ed le sea exigido legalmente, o bien actuando de buena fe, siempre y cuando dicha acci\u00f3n sea necesaria para investigar o proteger a los invitados, visitantes o asociados de Versatile Property Services SL o a bienes de su propiedad (incluyendo este sitio web).<br \/><br \/><\/li><li>Cambios en la Pol\u00edtica de Privacidad de este sitio Web<br \/>Versatile Property Services SL podr\u00e1 incluir cambios en la Pol\u00edtica de Privacidad de este sitio web. Todos los cambios ser\u00e1n puestos a su disposici\u00f3n en esta web, para mantener informado al usuario.<\/li><\/ol>\t\t\t\t\t\t<\/div>\n\t\t\t\t<\/div>\n\t\t\t\t\t<\/div>\n\t\t<\/div>\n\t\t\t\t\t\t\t<\/div>\n\t\t<\/section>\n\t\t\t\t\t\t\t<\/div>\n\t\t","protected":false},"excerpt":{"rendered":"<p>Privacy policy This page is only available in Spanish, sorry for the inconvenience. Seg\u00fan lo dispuesto en el art\u00edculo 9 de la Ley 34\/2002 de 11 de Julio de Servicios de la Sociedad de la Informaci\u00f3n y Comercio Electr\u00f3nico, se hace constar que el presente sitio web es propiedad de Versatile Property Services SL, con [&hellip;]<\/p>\n","protected":false},"author":1,"featured_media":0,"parent":0,"menu_order":0,"comment_status":"closed","ping_status":"closed","template":"","meta":[],"_links":{"self":[{"href":"https:\/\/versatilestates.com\/en\/wp-json\/wp\/v2\/pages\/1519"}],"collection":[{"href":"https:\/\/versatilestates.com\/en\/wp-json\/wp\/v2\/pages"}],"about":[{"href":"https:\/\/versatilestates.com\/en\/wp-json\/wp\/v2\/types\/page"}],"author":[{"embeddable":true,"href":"https:\/\/versatilestates.com\/en\/wp-json\/wp\/v2\/users\/1"}],"replies":[{"embeddable":true,"href":"https:\/\/versatilestates.com\/en\/wp-json\/wp\/v2\/comments?post=1519"}],"version-history":[{"count":16,"href":"https:\/\/versatilestates.com\/en\/wp-json\/wp\/v2\/pages\/1519\/revisions"}],"predecessor-version":[{"id":15820,"href":"https:\/\/versatilestates.com\/en\/wp-json\/wp\/v2\/pages\/1519\/revisions\/15820"}],"wp:attachment":[{"href":"https:\/\/versatilestates.com\/en\/wp-json\/wp\/v2\/media?parent=1519"}],"curies":[{"name":"wp","href":"https:\/\/api.w.org\/{rel}","templated":true}]}}